{"id":92,"date":"2022-05-25T18:42:42","date_gmt":"2022-05-25T18:42:42","guid":{"rendered":"https:\/\/cervar.net\/?page_id=92"},"modified":"2022-06-16T17:59:50","modified_gmt":"2022-06-16T17:59:50","slug":"blog","status":"publish","type":"page","link":"https:\/\/cervar.net\/sl\/blog\/","title":{"rendered":"Blog"},"content":{"rendered":"<div data-elementor-type=\"wp-page\" data-elementor-id=\"92\" class=\"elementor elementor-92\">\n\t\t\t\t\t\t\t\t\t<section class=\"elementor-section elementor-top-section elementor-element elementor-element-dc1b3e6 elementor-section-boxed elementor-section-height-default elementor-section-height-default\" data-id=\"dc1b3e6\" data-element_type=\"section\" data-settings=\"{&quot;background_background&quot;:&quot;classic&quot;}\">\n\t\t\t\t\t\t<div class=\"elementor-container elementor-column-gap-default\">\n\t\t\t\t\t<div class=\"elementor-column elementor-col-100 elementor-top-column elementor-element elementor-element-836f4da\" data-id=\"836f4da\" data-element_type=\"column\">\n\t\t\t<div class=\"elementor-widget-wrap elementor-element-populated\">\n\t\t\t\t\t\t\t\t<div class=\"elementor-element elementor-element-71e12fd elementor-widget elementor-widget-heading\" data-id=\"71e12fd\" data-element_type=\"widget\" data-widget_type=\"heading.default\">\n\t\t\t\t<div class=\"elementor-widget-container\">\n\t\t\t<style>\/*! elementor - v3.12.1 - 02-04-2023 *\/\n.elementor-heading-title{padding:0;margin:0;line-height:1}.elementor-widget-heading .elementor-heading-title[class*=elementor-size-]>a{color:inherit;font-size:inherit;line-height:inherit}.elementor-widget-heading .elementor-heading-title.elementor-size-small{font-size:15px}.elementor-widget-heading .elementor-heading-title.elementor-size-medium{font-size:19px}.elementor-widget-heading .elementor-heading-title.elementor-size-large{font-size:29px}.elementor-widget-heading .elementor-heading-title.elementor-size-xl{font-size:39px}.elementor-widget-heading .elementor-heading-title.elementor-size-xxl{font-size:59px}<\/style><h2 class=\"elementor-heading-title elementor-size-default\">Cervar.net<\/h2>\t\t<\/div>\n\t\t\t\t<\/div>\n\t\t\t\t<div class=\"elementor-element elementor-element-a17dad9 elementor-widget elementor-widget-heading\" data-id=\"a17dad9\" data-element_type=\"widget\" data-widget_type=\"heading.default\">\n\t\t\t\t<div class=\"elementor-widget-container\">\n\t\t\t<h2 class=\"elementor-heading-title elementor-size-default\">Blog<\/h2>\t\t<\/div>\n\t\t\t\t<\/div>\n\t\t\t\t<div class=\"elementor-element elementor-element-c0b020d elementor-widget elementor-widget-text-editor\" data-id=\"c0b020d\" data-element_type=\"widget\" data-widget_type=\"text-editor.default\">\n\t\t\t\t<div class=\"elementor-widget-container\">\n\t\t\t<style>\/*! elementor - v3.12.1 - 02-04-2023 *\/\n.elementor-widget-text-editor.elementor-drop-cap-view-stacked .elementor-drop-cap{background-color:#69727d;color:#fff}.elementor-widget-text-editor.elementor-drop-cap-view-framed .elementor-drop-cap{color:#69727d;border:3px solid;background-color:transparent}.elementor-widget-text-editor:not(.elementor-drop-cap-view-default) .elementor-drop-cap{margin-top:8px}.elementor-widget-text-editor:not(.elementor-drop-cap-view-default) .elementor-drop-cap-letter{width:1em;height:1em}.elementor-widget-text-editor .elementor-drop-cap{float:left;text-align:center;line-height:1;font-size:50px}.elementor-widget-text-editor .elementor-drop-cap-letter{display:inline-block}<\/style>\t\t\t\t<p>spremljajte vse novice v zvezi s turizmom, gastronomijo, dogodki, turisti\u010dno sezono...<\/p>\t\t\t\t\t\t<\/div>\n\t\t\t\t<\/div>\n\t\t\t\t\t<\/div>\n\t\t<\/div>\n\t\t\t\t\t\t\t<\/div>\n\t\t<\/section>\n\t\t\t\t<section class=\"elementor-section elementor-top-section elementor-element elementor-element-ab47e9c elementor-section-content-middle elementor-reverse-tablet elementor-reverse-mobile elementor-section-boxed elementor-section-height-default elementor-section-height-default\" data-id=\"ab47e9c\" data-element_type=\"section\">\n\t\t\t\t\t\t<div class=\"elementor-container elementor-column-gap-default\">\n\t\t\t\t\t<div class=\"elementor-column elementor-col-100 elementor-top-column elementor-element elementor-element-69944e9\" data-id=\"69944e9\" data-element_type=\"column\">\n\t\t\t<div class=\"elementor-widget-wrap elementor-element-populated\">\n\t\t\t\t\t\t\t\t<div class=\"elementor-element elementor-element-402cd8e elementor-widget elementor-widget-heading\" data-id=\"402cd8e\" data-element_type=\"widget\" data-widget_type=\"heading.default\">\n\t\t\t\t<div class=\"elementor-widget-container\">\n\t\t\t<h2 class=\"elementor-heading-title elementor-size-default\">Blog<\/h2>\t\t<\/div>\n\t\t\t\t<\/div>\n\t\t\t\t<div class=\"elementor-element elementor-element-1b46d45 elementor-widget elementor-widget-eael-post-timeline\" data-id=\"1b46d45\" data-element_type=\"widget\" data-widget_type=\"eael-post-timeline.default\">\n\t\t\t\t<div class=\"elementor-widget-container\">\n\t\t\t<div id=\"eael-post-timeline-1b46d45\" class=\"eael-post-timeline timeline-layout-card eael-post-timeline-arrow-middle\">\n            <div class=\"eael-post-timeline eael-post-appender eael-post-appender-1b46d45\"><article class=\"eael-timeline-post\">\n    <div class=\"eael-timeline-bullet\"><\/div>\n    <div class=\"eael-timeline-post-inner\">\n        <a class=\"eael-timeline-post-link\" href=\"https:\/\/cervar.net\/sl\/blog-ulazak-hrvatske-u-eurozonu\/\" title=\"Ulazak Hrvatske u Eurozonu\">\n            <time datetime=\"26 maja, 2022\">26 maja, 2022<\/time>\n            <div class=\"eael-timeline-post-image\" style=\"background-image: url(https:\/\/cervar.net\/wp-content\/uploads\/2022\/05\/Sl_1_08-rotated.jpg)\"><\/div><div class=\"eael-timeline-content\"><div class=\"eael-timeline-post-title\">\n\t\t                    <h2 class=\"eael-timeline-post-title-text-card\" >Ulazak Hrvatske u Eurozonu<\/h2>\n\t\t                <\/div><div class=\"eael-timeline-post-excerpt\"><p>Hrvatska 2023 ulazi u Eurozonu. Kakve \u0107e to posljedice imati...<\/p><\/div><\/div><\/a>\n    <\/div>\n    <div class=\"eael-timeline-clear\"><\/div>\n<\/article><article class=\"eael-timeline-post\">\n    <div class=\"eael-timeline-bullet\"><\/div>\n    <div class=\"eael-timeline-post-inner\">\n        <a class=\"eael-timeline-post-link\" href=\"https:\/\/cervar.net\/sl\/post-prognoze-za-turisticku-sezonu-2022\/\" title=\"Prognoze za turisti\u010dku sezonu 2022\">\n            <time datetime=\"26 maja, 2022\">26 maja, 2022<\/time>\n            <div class=\"eael-timeline-post-image\" style=\"background-image: url(https:\/\/cervar.net\/wp-content\/uploads\/2022\/05\/Sl_1_19-1-300x169.jpg)\"><\/div><div class=\"eael-timeline-content\"><div class=\"eael-timeline-post-title\">\n\t\t                    <h2 class=\"eael-timeline-post-title-text-card\" >Prognoze za turisti\u010dku sezonu 2022<\/h2>\n\t\t                <\/div><div class=\"eael-timeline-post-excerpt\"><p>Covid-19, zabrane, izolacija, rat na Istoku Europe, sve ovo uti\u010de...<\/p><\/div><\/div><\/a>\n    <\/div>\n    <div class=\"eael-timeline-clear\"><\/div>\n<\/article><article class=\"eael-timeline-post\">\n    <div class=\"eael-timeline-bullet\"><\/div>\n    <div class=\"eael-timeline-post-inner\">\n        <a class=\"eael-timeline-post-link\" href=\"https:\/\/cervar.net\/sl\/post-zasto-posjetiti-porec\/\" title=\"Upisemo slovenski naziv\">\n            <time datetime=\"24 maja, 2022\">24 maja, 2022<\/time>\n            <div class=\"eael-timeline-post-image\" style=\"background-image: url(https:\/\/cervar.net\/wp-content\/uploads\/2022\/05\/about-cervarnet-300x169.jpg)\"><\/div><div class=\"eael-timeline-content\"><div class=\"eael-timeline-post-title\">\n\t\t                    <h2 class=\"eael-timeline-post-title-text-card\" >Upisemo slovenski naziv<\/h2>\n\t\t                <\/div><div class=\"eael-timeline-post-excerpt\"><p>Pore\u010d je grad smje\u0161ten u srcu zapadne istarske obale. Od...<\/p><\/div><\/div><\/a>\n    <\/div>\n    <div class=\"eael-timeline-clear\"><\/div>\n<\/article><\/div>\n\t\t<\/div>\t\t<\/div>\n\t\t\t\t<\/div>\n\t\t\t\t\t<\/div>\n\t\t<\/div>\n\t\t\t\t\t\t\t<\/div>\n\t\t<\/section>\n\t\t\t\t<section class=\"elementor-section elementor-top-section elementor-element elementor-element-c2d02b7 elementor-section-boxed elementor-section-height-default elementor-section-height-default\" data-id=\"c2d02b7\" data-element_type=\"section\" data-settings=\"{&quot;background_background&quot;:&quot;classic&quot;}\">\n\t\t\t\t\t\t<div class=\"elementor-container elementor-column-gap-default\">\n\t\t\t\t\t<div class=\"elementor-column elementor-col-100 elementor-top-column elementor-element elementor-element-7a6c094\" data-id=\"7a6c094\" data-element_type=\"column\">\n\t\t\t<div class=\"elementor-widget-wrap elementor-element-populated\">\n\t\t\t\t\t\t\t\t<div class=\"elementor-element elementor-element-c2d3078 elementor-widget elementor-widget-heading\" data-id=\"c2d3078\" data-element_type=\"widget\" data-widget_type=\"heading.default\">\n\t\t\t\t<div class=\"elementor-widget-container\">\n\t\t\t<h2 class=\"elementor-heading-title elementor-size-default\">Ni tisto, kar te zanima?<\/h2>\t\t<\/div>\n\t\t\t\t<\/div>\n\t\t\t\t<div class=\"elementor-element elementor-element-2567b13 elementor-widget elementor-widget-text-editor\" data-id=\"2567b13\" data-element_type=\"widget\" data-widget_type=\"text-editor.default\">\n\t\t\t\t<div class=\"elementor-widget-container\">\n\t\t\t\t\t\t\t<p>\u010ce ne najdete tistega, kar vas zanima, in je povezano s tematikami, ki jih obravnavamo, nas kontaktirajte s povpra\u0161evanjem in z veseljem vam bomo odgovorili.<\/p>\t\t\t\t\t\t<\/div>\n\t\t\t\t<\/div>\n\t\t\t\t<div class=\"elementor-element elementor-element-ffdaf5d elementor-widget elementor-widget-shortcode\" data-id=\"ffdaf5d\" data-element_type=\"widget\" data-widget_type=\"shortcode.default\">\n\t\t\t\t<div class=\"elementor-widget-container\">\n\t\t\t\t\t<div class=\"elementor-shortcode\"><div role=\"form\" class=\"wpcf7\" id=\"wpcf7-f54-o1\" lang=\"en-US\" dir=\"ltr\">\n<div class=\"screen-reader-response\"><p role=\"status\" aria-live=\"polite\" aria-atomic=\"true\"><\/p> <ul><\/ul><\/div>\n<form action=\"\/sl\/wp-json\/wp\/v2\/pages\/92#wpcf7-f54-o1\" method=\"post\" class=\"wpcf7-form init\" novalidate=\"novalidate\" data-status=\"init\" data-trp-original-action=\"\/sl\/wp-json\/wp\/v2\/pages\/92#wpcf7-f54-o1\">\n<div style=\"display: none;\">\n<input type=\"hidden\" name=\"_wpcf7\" value=\"54\" \/>\n<input type=\"hidden\" name=\"_wpcf7_version\" value=\"5.6.3\" \/>\n<input type=\"hidden\" name=\"_wpcf7_locale\" value=\"en_US\" \/>\n<input type=\"hidden\" name=\"_wpcf7_unit_tag\" value=\"wpcf7-f54-o1\" \/>\n<input type=\"hidden\" name=\"_wpcf7_container_post\" value=\"0\" \/>\n<input type=\"hidden\" name=\"_wpcf7_posted_data_hash\" value=\"\" \/>\n<input type=\"hidden\" name=\"_wpcf7_recaptcha_response\" value=\"\" \/>\n<\/div>\n<p><label> Tvoje ime<br \/>\n    <span class=\"wpcf7-form-control-wrap\" data-name=\"your-name\"><input type=\"text\" name=\"your-name\" value=\"\" size=\"40\" class=\"wpcf7-form-control wpcf7-text wpcf7-validates-as-required\" aria-required=\"true\" aria-invalid=\"false\" \/><\/span> <\/label><\/p>\n<p><label> Tvoj email<br \/>\n    <span class=\"wpcf7-form-control-wrap\" data-name=\"your-email\"><input type=\"email\" name=\"your-email\" value=\"\" size=\"40\" class=\"wpcf7-form-control wpcf7-text wpcf7-email wpcf7-validates-as-required wpcf7-validates-as-email\" aria-required=\"true\" aria-invalid=\"false\" \/><\/span> <\/label><\/p>\n<p><label> Naslov<br \/>\n    <span class=\"wpcf7-form-control-wrap\" data-name=\"your-subject\"><input type=\"text\" name=\"your-subject\" value=\"\" size=\"40\" class=\"wpcf7-form-control wpcf7-text wpcf7-validates-as-required\" aria-required=\"true\" aria-invalid=\"false\" \/><\/span> <\/label><\/p>\n<p><label> Tvoje sporo\u010dilo<br \/>\n    <span class=\"wpcf7-form-control-wrap\" data-name=\"your-message\"><textarea name=\"your-message\" cols=\"40\" rows=\"10\" class=\"wpcf7-form-control wpcf7-textarea\" aria-invalid=\"false\"><\/textarea><\/span> <\/label><\/p>\n<p><input type=\"submit\" value=\"Po\u0161lji\" class=\"wpcf7-form-control has-spinner wpcf7-submit\" \/><\/p>\n<p style=\"display: none !important;\"><label>&#916;<textarea name=\"_wpcf7_ak_hp_textarea\" cols=\"45\" rows=\"8\" maxlength=\"100\"><\/textarea><\/label><input type=\"hidden\" id=\"ak_js_1\" name=\"_wpcf7_ak_js\" value=\"38\"\/><script>document.getElementById( \"ak_js_1\" ).setAttribute( \"value\", ( new Date() ).getTime() );<\/script><\/p><div class=\"wpcf7-response-output\" aria-hidden=\"true\"><\/div><input type=\"hidden\" name=\"trp-form-language\" value=\"sl\"\/><\/form><\/div><\/div>\n\t\t\t\t<\/div>\n\t\t\t\t<\/div>\n\t\t\t\t\t<\/div>\n\t\t<\/div>\n\t\t\t\t\t\t\t<\/div>\n\t\t<\/section>\n\t\t\t\t\t\t\t<\/div>","protected":false},"excerpt":{"rendered":"<p>Cervar.net Blog pratite sve novosti vezane uz turizam, gastornomiju, doga\u0111aje, turisti\u010dku sezonu&#8230; Blog May 26, 2022 Ulazak Hrvatske u Eurozonu Hrvatska 2023 ulazi u Eurozonu. Kakve \u0107e to posljedice imati&#8230; May 26, 2022 Prognoze za turisti\u010dku sezonu 2022 Covid-19, zabrane, izolacija, rat na Istoku Europe, sve ovo uti\u010de&#8230; May 24, 2022 Za\u0161to posjetiti Pore\u010d Pore\u010d [&hellip;]<\/p>","protected":false},"author":1,"featured_media":0,"parent":0,"menu_order":0,"comment_status":"closed","ping_status":"closed","template":"elementor_header_footer","meta":[],"aioseo_notices":[],"_links":{"self":[{"href":"https:\/\/cervar.net\/sl\/wp-json\/wp\/v2\/pages\/92"}],"collection":[{"href":"https:\/\/cervar.net\/sl\/wp-json\/wp\/v2\/pages"}],"about":[{"href":"https:\/\/cervar.net\/sl\/wp-json\/wp\/v2\/types\/page"}],"author":[{"embeddable":true,"href":"https:\/\/cervar.net\/sl\/wp-json\/wp\/v2\/users\/1"}],"replies":[{"embeddable":true,"href":"https:\/\/cervar.net\/sl\/wp-json\/wp\/v2\/comments?post=92"}],"version-history":[{"count":14,"href":"https:\/\/cervar.net\/sl\/wp-json\/wp\/v2\/pages\/92\/revisions"}],"predecessor-version":[{"id":365,"href":"https:\/\/cervar.net\/sl\/wp-json\/wp\/v2\/pages\/92\/revisions\/365"}],"wp:attachment":[{"href":"https:\/\/cervar.net\/sl\/wp-json\/wp\/v2\/media?parent=92"}],"curies":[{"name":"wp","href":"https:\/\/api.w.org\/{rel}","templated":true}]}}